{"id":4287,"date":"2023-08-21T09:03:23","date_gmt":"2023-08-21T09:03:23","guid":{"rendered":"https:\/\/fancyfoods.vn\/trang-chu\/"},"modified":"2023-08-21T09:03:23","modified_gmt":"2023-08-21T09:03:23","slug":"trang-chu","status":"publish","type":"page","link":"https:\/\/fancyfoods.vn\/en\/trang-chu\/","title":{"rendered":"Trang ch\u1ee7"},"content":{"rendered":"<h1>Fancy foods <br \/>\nmanufacture trading  <br \/>\ncompany limited<\/h1>\n<h1>Fancy foods<br \/>\nmanufacture trading<br \/>\ncompany limited<\/h1>\n<h2>WHERE THE BEST BECOMES BETTER<\/h2>\n<p>Fancyfoods.vn &#8211; Fancy Foods &#8211; Doanh nghi\u1ec7p Vi\u1ec7t Nam chuy\u00ean s\u1ea3n xu\u1ea5t c\u00e1c s\u1ea3n ph\u1ea9m s\u00f4 c\u00f4 la th\u01b0\u01a1ng hi\u1ec7u Cacao Talk. D\u00f2ng s\u1ea3n ph\u1ea9m tr\u1ea3i d\u00e0i t\u1eeb s\u00f4 c\u00f4 la compound, s\u00f4 c\u00f4 nguy\u00ean ch\u1ea5t, s\u00f4 c\u00f4 la ph\u1ee7 h\u1ea1t&#8230;.L\u1ee3i th\u1ebf s\u1ea3n ph\u1ea9m \u0111a d\u1ea1ng, Fancy Foods t\u1ef1 tin \u0111\u00e1p \u1ee9ng c\u00e1c nhu c\u1ea7u cho s\u1ea3n xu\u1ea5t b\u00e1nh k\u1eb9o, s\u1ef1 d\u1ef1ng tr\u1ef1c ti\u1ebfp.<\/p>\n<p>Fancyfoods.vn &#8211; Fancy Foods &#8211; Doanh nghi\u1ec7p Vi\u1ec7t Nam chuy\u00ean s\u1ea3n xu\u1ea5t c\u00e1c s\u1ea3n ph\u1ea9m s\u00f4 c\u00f4 la th\u01b0\u01a1ng hi\u1ec7u Cacao Talk. D\u00f2ng s\u1ea3n ph\u1ea9m tr\u1ea3i d\u00e0i t\u1eeb s\u00f4 c\u00f4 la compound, s\u00f4 c\u00f4 nguy\u00ean ch\u1ea5t, s\u00f4 c\u00f4 la ph\u1ee7 h\u1ea1t&#8230;.L\u1ee3i th\u1ebf s\u1ea3n ph\u1ea9m \u0111a d\u1ea1ng, Fancy Foods t\u1ef1 tin \u0111\u00e1p \u1ee9ng c\u00e1c nhu c\u1ea7u cho s\u1ea3n xu\u1ea5t b\u00e1nh k\u1eb9o, s\u1ef1 d\u1ef1ng tr\u1ef1c ti\u1ebfp.<\/p>\n<p>\t\t\t\t\t\t\t\t\t\t\t\t\t<img fetchpriority=\"high\" decoding=\"async\" width=\"586\" height=\"510\" src=\"https:\/\/fancyfoods.vn\/wp-content\/uploads\/2023\/08\/image_banner.png\" alt=\"- fancyfoods.vn\" title=\"- fancyfoods.vn\">\t\t\t\t\t\t\t\t\t\t\t\t\t<\/p>\n<h1>S\u1ea3n ph\u1ea9m<\/h1>\n<p>\t\t\t\t\t\t\t\t\t\t\t\t\t<img decoding=\"async\" width=\"800\" height=\"533\" src=\"https:\/\/fancyfoods.vn\/wp-content\/uploads\/2023\/08\/socola_sp_1.jpg\" alt=\"- fancyfoods.vn\" srcset=\"https:\/\/fancyfoods.vn\/wp-content\/uploads\/2023\/08\/socola_sp_1.jpg 1248w, https:\/\/fancyfoods.vn\/wp-content\/uploads\/2023\/08\/socola_sp_1-600x400.jpg 600w\" sizes=\"(max-width: 800px) 100vw, 800px\" title=\"- fancyfoods.vn\">\t\t\t\t\t\t\t\t\t\t\t\t\t<\/p>\n<h1>S\u00d4 C\u00d4 LA\u00a0<br \/>VI\u00caN NG\u1eccC TRAI <\/h1>\n<p>\t\t\t\t\t\t\t\t\t\t\t\t\t<img decoding=\"async\" width=\"233\" height=\"233\" src=\"https:\/\/fancyfoods.vn\/wp-content\/uploads\/2023\/09\/1816074617.jpg\" alt=\"- fancyfoods.vn\" srcset=\"https:\/\/fancyfoods.vn\/wp-content\/uploads\/2023\/09\/1816074617.jpg 233w, https:\/\/fancyfoods.vn\/wp-content\/uploads\/2023\/09\/1816074617-100x100.jpg 100w, https:\/\/fancyfoods.vn\/wp-content\/uploads\/2023\/09\/1816074617-150x150.jpg 150w\" sizes=\"(max-width: 233px) 100vw, 233px\" title=\"- fancyfoods.vn\">\t\t\t\t\t\t\t\t\t\t\t\t\t<\/p>\n<h1>S\u00d4 C\u00d4 LA\u00a0<br \/>D\u1ea0NG TH\u1eceI<br \/>\n<\/h1>\n<p>\t\t\t\t\t\t\t\t\t\t\t\t\t<img loading=\"lazy\" decoding=\"async\" width=\"800\" height=\"534\" src=\"https:\/\/fancyfoods.vn\/wp-content\/uploads\/2023\/08\/1899911200-1024x683.jpg\" alt=\"- fancyfoods.vn\" srcset=\"https:\/\/fancyfoods.vn\/wp-content\/uploads\/2023\/08\/1899911200-1024x683.jpg 1024w, https:\/\/fancyfoods.vn\/wp-content\/uploads\/2023\/08\/1899911200-600x400.jpg 600w, https:\/\/fancyfoods.vn\/wp-content\/uploads\/2023\/08\/1899911200-300x200.jpg 300w, https:\/\/fancyfoods.vn\/wp-content\/uploads\/2023\/08\/1899911200-768x512.jpg 768w, https:\/\/fancyfoods.vn\/wp-content\/uploads\/2023\/08\/1899911200.jpg 1248w\" sizes=\"(max-width: 800px) 100vw, 800px\" title=\"- fancyfoods.vn\">\t\t\t\t\t\t\t\t\t\t\t\t\t<\/p>\n<h1>S\u00d4 C\u00d4 LA\u00a0<br \/>CHIP CACAO TALK<br \/>\n<\/h1>\n<p>\t\t\t\t\t\t\t\t\t\t\t\t\t<img loading=\"lazy\" decoding=\"async\" width=\"800\" height=\"534\" src=\"https:\/\/fancyfoods.vn\/wp-content\/uploads\/2023\/08\/choco_sahving-1024x683.jpg\" alt=\"- fancyfoods.vn\" srcset=\"https:\/\/fancyfoods.vn\/wp-content\/uploads\/2023\/08\/choco_sahving-1024x683.jpg 1024w, https:\/\/fancyfoods.vn\/wp-content\/uploads\/2023\/08\/choco_sahving-600x400.jpg 600w, https:\/\/fancyfoods.vn\/wp-content\/uploads\/2023\/08\/choco_sahving-300x200.jpg 300w, https:\/\/fancyfoods.vn\/wp-content\/uploads\/2023\/08\/choco_sahving-768x512.jpg 768w, https:\/\/fancyfoods.vn\/wp-content\/uploads\/2023\/08\/choco_sahving.jpg 1248w\" sizes=\"(max-width: 800px) 100vw, 800px\" title=\"- fancyfoods.vn\">\t\t\t\t\t\t\t\t\t\t\t\t\t<\/p>\n<h1>  CHOCO SHAVIN G<br \/>\n<\/h1>\n<p>\t\t\t<a role=\"button\"><br \/>\n\t\t\t\t\t\t\t\t\tXem th\u00eam nhi\u1ec1u s\u1ea3n ph\u1ea9m<br \/>\n\t\t\t\t\t<\/a><br \/>\n\t\t\t\t\t\t\t\t\t\t\t\t\t<img loading=\"lazy\" decoding=\"async\" width=\"65\" height=\"69\" src=\"https:\/\/fancyfoods.vn\/wp-content\/uploads\/2023\/08\/Group-39035.png\" alt=\"- fancyfoods.vn\" title=\"- fancyfoods.vn\">\t\t\t\t\t\t\t\t\t\t\t\t\t<\/p>\n<h2>Nguy\u00ean li\u1ec7u <br \/> t\u01b0\u01a1i ngon<\/h2>\n<p>\t\t\t\t\t\t\t\t\t\t\t\t\t<img loading=\"lazy\" decoding=\"async\" width=\"61\" height=\"61\" src=\"https:\/\/fancyfoods.vn\/wp-content\/uploads\/2023\/08\/Group-39036.png\" alt=\"- fancyfoods.vn\" title=\"- fancyfoods.vn\">\t\t\t\t\t\t\t\t\t\t\t\t\t<\/p>\n<h2>\u0110\u1ea3m b\u1ea3o <br \/> ch\u1ea5t l\u01b0\u1ee3ng<\/h2>\n<p>\t\t\t\t\t\t\t\t\t\t\t\t\t<img loading=\"lazy\" decoding=\"async\" width=\"78\" height=\"49\" src=\"https:\/\/fancyfoods.vn\/wp-content\/uploads\/2023\/08\/icon_car.png\" alt=\"- fancyfoods.vn\" title=\"- fancyfoods.vn\">\t\t\t\t\t\t\t\t\t\t\t\t\t<\/p>\n<h2>Giao h\u00e0ng<br \/>to\u00e0n qu\u1ed1c<br \/>\n<\/h2>\n<p>\t\t\t\t\t\t\t\t\t\t\t\t\t<img loading=\"lazy\" decoding=\"async\" width=\"64\" height=\"64\" src=\"https:\/\/fancyfoods.vn\/wp-content\/uploads\/2023\/08\/Path-115040.png\" alt=\"- fancyfoods.vn\" title=\"- fancyfoods.vn\">\t\t\t\t\t\t\t\t\t\t\t\t\t<\/p>\n<h2>H\u1eadu m\u00e3i <br \/>t\u1ed1t nh\u1ea5t<\/h2>\n<h2>Fancy &#8211; Th\u01b0\u01a1ng hi\u1ec7u d\u1eabn \u0111\u1ea7u<br \/>\nv\u1ec1 s\u00f4 c\u00f4 la nguy\u00ean li\u1ec7u t\u1ea1i Vi\u1ec7t Nam<\/h2>\n<p>H\u1ec7 th\u1ed1ng c\u00e1c ph\u00f2ng th\u00ed nghi\u1ec7m hi\u1ec7n \u0111\u1ea1i c\u00f9ng \u0111\u1ed9i ng\u0169 R&amp;D <br \/>chuy\u00ean nghi\u1ec7p. Fancy foods h\u01b0\u1edbng s\u1ea3n ph\u1ea9m c\u1ee7a m\u00ecnh \u0111\u00e1p <br \/>\u1ee9ng \u0111\u1ea7y \u0111\u1ee7 c\u00e1c ti\u00eau chu\u1ea9n an to\u00e0n v\u1ec1 v\u1ec7 sinh th\u1ef1c ph\u1ea9m, <br \/>\u0111\u1ea1t ti\u00eau chu\u1ea9n ISO 22000:2018.<\/p>\n<p>To\u00e0n b\u1ed9 s\u1ea3n ph\u1ea9m \u0111\u01b0\u1ee3c s\u1ea3n xu\u1ea5t tr\u00ean c\u00f4ng ngh\u1ec7 hi\u1ec7n \u0111\u1ea1i, <br \/>t\u1ef1 \u0111\u1ed9ng kh\u00e9p k\u00edn v\u1edbi c\u00f3 c\u00f4ng su\u1ea5t t\u1ed1i \u0111a l\u00e0 500 t\u1ea5n\/th\u00e1ng.<\/p>\n<p>H\u1ec7 th\u1ed1ng c\u00e1c ph\u00f2ng th\u00ed nghi\u1ec7m hi\u1ec7n \u0111\u1ea1i c\u00f9ng \u0111\u1ed9i ng\u0169 R&amp;D chuy\u00ean nghi\u1ec7p. Fancy Food h\u01b0\u1edbng s\u1ea3n ph\u1ea9m c\u1ee7a m\u00ecnh \u0111\u00e1p \u1ee9ng \u0111\u1ea7y \u0111\u1ee7 c\u00e1c ti\u00eau chu\u1ea9n an to\u00e0n v\u1ec1 v\u1ec7 sinh th\u1ef1c ph\u1ea9m, \u0111\u1ea1t ti\u00eau chu\u1ea9n ISO 22000:2018.To\u00e0n b\u1ed9 s\u1ea3n ph\u1ea9m \u0111\u01b0\u1ee3c s\u1ea3n xu\u1ea5t tr\u00ean c\u00f4ng ngh\u1ec7 hi\u1ec7n \u0111\u1ea1i, t\u1ef1 \u0111\u1ed9ng kh\u00e9p k\u00edn v\u1edbi c\u00f3 c\u00f4ng su\u1ea5t t\u1ed1i \u0111a l\u00e0 500 t\u1ea5n\/th\u00e1ng.<\/p>\n<p>\t\t\t<a role=\"button\"><br \/>\n\t\t\t\t\t\t\t\t\tT\u00ecm hi\u1ec3u th\u00eam<br \/>\n\t\t\t\t\t<\/a><\/p>\n<h2>Fancyfoods &#8211; Th\u01b0\u01a1ng hi\u1ec7u d\u1eabn \u0111\u1ea7u  <Br><br \/>\nv\u1ec1 s\u00f4 c\u00f4 la nguy\u00ean li\u1ec7u t\u1ea1i Vi\u1ec7t Nam<\/h2>\n<p>\t\t\t\t\t\t\t\t\t\t\t\t\t<img loading=\"lazy\" decoding=\"async\" width=\"605\" height=\"642\" src=\"https:\/\/fancyfoods.vn\/wp-content\/uploads\/2023\/08\/image_story.png\" alt=\"- fancyfoods.vn\" srcset=\"https:\/\/fancyfoods.vn\/wp-content\/uploads\/2023\/08\/image_story.png 605w, https:\/\/fancyfoods.vn\/wp-content\/uploads\/2023\/08\/image_story-600x637.png 600w, https:\/\/fancyfoods.vn\/wp-content\/uploads\/2023\/08\/image_story-283x300.png 283w\" sizes=\"(max-width: 605px) 100vw, 605px\" title=\"- fancyfoods.vn\">\t\t\t\t\t\t\t\t\t\t\t\t\t<\/p>\n<h1>C\u00e2u chuy\u1ec7n chocolate<\/h1>\n<p>\t\t\t<a role=\"button\"><br \/>\n\t\t\t\t\t\t\t\t\tT\u00ecm hi\u1ec3u th\u00eam<br \/>\n\t\t\t\t\t<\/a><\/p>\n","protected":false},"excerpt":{"rendered":"<p>Fancy foods manufacture trading company limited Fancy foods manufacture trading company limited WHERE THE BEST BECOMES BETTER Fancyfoods.vn &#8211; Fancy Foods &#8211; Doanh nghi\u1ec7p Vi\u1ec7t Nam chuy\u00ean s\u1ea3n xu\u1ea5t c\u00e1c s\u1ea3n ph\u1ea9m s\u00f4 c\u00f4 la th\u01b0\u01a1ng hi\u1ec7u Cacao Talk. D\u00f2ng s\u1ea3n ph\u1ea9m tr\u1ea3i d\u00e0i t\u1eeb s\u00f4 c\u00f4 la compound, s\u00f4 c\u00f4 nguy\u00ean ch\u1ea5t, s\u00f4 c\u00f4 [&hellip;]<\/p>\n","protected":false},"author":2,"featured_media":0,"parent":0,"menu_order":0,"comment_status":"closed","ping_status":"closed","template":"elementor_header_footer","meta":{"footnotes":""},"class_list":["post-4287","page","type-page","status-publish","hentry"],"_links":{"self":[{"href":"https:\/\/fancyfoods.vn\/en\/wp-json\/wp\/v2\/pages\/4287","targetHints":{"allow":["GET"]}}],"collection":[{"href":"https:\/\/fancyfoods.vn\/en\/wp-json\/wp\/v2\/pages"}],"about":[{"href":"https:\/\/fancyfoods.vn\/en\/wp-json\/wp\/v2\/types\/page"}],"author":[{"embeddable":true,"href":"https:\/\/fancyfoods.vn\/en\/wp-json\/wp\/v2\/users\/2"}],"replies":[{"embeddable":true,"href":"https:\/\/fancyfoods.vn\/en\/wp-json\/wp\/v2\/comments?post=4287"}],"version-history":[{"count":0,"href":"https:\/\/fancyfoods.vn\/en\/wp-json\/wp\/v2\/pages\/4287\/revisions"}],"wp:attachment":[{"href":"https:\/\/fancyfoods.vn\/en\/wp-json\/wp\/v2\/media?parent=4287"}],"curies":[{"name":"wp","href":"https:\/\/api.w.org\/{rel}","templated":true}]}}