{"id":4304,"date":"2024-09-27T19:55:42","date_gmt":"2024-09-27T12:55:42","guid":{"rendered":"https:\/\/fancyfoods.vn\/product\/premium-button-matcha-flavored-compound-chocolate-1kg\/"},"modified":"2026-02-07T15:26:15","modified_gmt":"2026-02-07T08:26:15","slug":"so-co-la-compound-thuong-hang-huong-tra-xanh-cacao-talk-dang-nut-ao-1kg","status":"publish","type":"product","link":"https:\/\/fancyfoods.vn\/en\/so-co-la-compound-thuong-hang-huong-tra-xanh-cacao-talk-dang-nut-ao-1kg\/","title":{"rendered":"S\u00f4 C\u00f4 La Compound Th\u01b0\u1ee3ng H\u1ea1ng H\u01b0\u01a1ng Matcha Cacao Talk (1 kg)"},"content":{"rendered":"<p>S\u00f4 C\u00f4 La Compound Th\u01b0\u1ee3ng H\u1ea1ng H\u01b0\u01a1ng Matcha Cacao Talk l\u00e0 d\u00f2ng s\u1ea3n ph\u1ea9m mang t\u00ednh \u0111\u1ed9t ph\u00e1, v\u00f4 c\u00f9ng ti\u1ec7n l\u1ee3i v\u00e0 d\u1ec5 s\u1eed d\u1ee5ng, \u0111\u00e1p \u1ee9ng \u0111a d\u1ea1ng nhu c\u1ea7u kh\u00e1c nhau t\u1eeb d\u00f9ng \u0111\u1ec3 trang tr\u00ed l\u00ean b\u00e1nh, l\u00e0m nh\u00e2n cho m\u1ed9t s\u1ed1 d\u00f2ng b\u00e1nh ng\u1ecdt, hay \u0111\u1ed5 ganache,\u2026 H\u01a1n h\u1ebft, d\u00f2ng s\u00f4 c\u00f4 la compound n\u00e0y c\u00f3\u00a0<strong>h\u00ecnh d\u1ea1ng n\u00fat \u00e1o<\/strong>\u00a0v\u00e0 v\u1ecb ng\u1ecdt th\u01a1m c\u1ee7a h\u01b0\u01a1ng matcha, v\u1ecb tan t\u1ed1t n\u00ean kh\u00e1ch h\u00e0ng d\u1ec5 d\u00e0ng s\u1eed d\u1ee5ng.<\/p>\n<p><strong>C\u00e1ch s\u1eed d\u1ee5ng S\u00f4 C\u00f4 La Compound Th\u01b0\u1ee3ng H\u1ea1ng H\u01b0\u01a1ng Matcha Cacao Talk<\/strong><\/p>\n<ul>\n<li>L\u00e0m tan ch\u1ea3y s\u00f4 c\u00f4 la \u1edf nhi\u1ec7t \u0111\u1ed9 t\u1eeb 40 &#8211; 45 \u0111\u1ed9 C. Sau \u0111\u00f3 l\u00e0m l\u1ea1nh \u0111\u1ebfn nhi\u1ec7t \u0111\u1ed9 ph\u00f9 h\u1ee3p cho vi\u1ec7c t\u1ea1o h\u00ecnh ho\u1eb7c trang tr\u00ed.<\/li>\n<li>Qu\u00e1 tr\u00ecnh t\u1ea1o h\u00ecnh v\u00e0 trang tr\u00ed n\u00ean \u0111\u01b0\u1ee3c th\u1ef1c hi\u1ec7n \u1edf nhi\u1ec7t \u0111\u1ed9 t\u1eeb 20 &#8211; 25 \u0111\u1ed9 C v\u00e0 \u0111\u1ed9 \u1ea9m &lt;60%<\/li>\n<li>Qu\u00e1 tr\u00ecnh l\u00e0m l\u1ea1nh n\u00ean \u0111\u01b0\u1ee3c th\u1ef1c hi\u1ec7n \u1edf nhi\u1ec7t \u0111\u1ed9 t\u1eeb 5 &#8211; 20 \u0111\u1ed9 C, \u0111\u1ed9 \u1ea9m &lt;60%<\/li>\n<\/ul>\n<p><strong>B\u1ea3o qu\u1ea3n S\u00f4 C\u00f4 La Compound Th\u01b0\u1ee3ng H\u1ea1ng H\u01b0\u01a1ng Matcha Cacao Talk<\/strong><\/p>\n<ul>\n<li>N\u01a1i s\u1ea1ch s\u1ebd, kh\u00f4 r\u00e1o, tho\u00e1ng m\u00e1t, kh\u00f4ng c\u00f3 m\u00f9i l\u1ea1.<\/li>\n<li>Tr\u00e1nh \u00e1nh n\u1eafng m\u1eb7t tr\u1eddi tr\u1ef1c ti\u1ebfp v\u00e0 s\u1ef1 thay \u0111\u1ed5i nhi\u1ec7t \u0111\u1ed9.<\/li>\n<li>Nhi\u1ec7t \u0111\u1ed9 b\u1ea3o qu\u1ea3n: 20-25 \u0111\u1ed9 C.<\/li>\n<\/ul>\n<p><strong>Th\u00e0nh ph\u1ea7n S\u00f4 C\u00f4 La Compound Th\u01b0\u1ee3ng H\u1ea1ng H\u01b0\u01a1ng Matcha Cacao Talk<\/strong><\/p>\n<p>\u0110\u01b0\u1eddng, ch\u1ea5t b\u00e9o th\u1ef1c v\u1eadt, b\u1ed9t s\u1eefa, ch\u1ea5t nh\u0169 h\u00f3a (lecithin \u0111\u1eadu n\u00e0nh INS 322 (i), INS 476), m\u00e0u th\u1ef1c ph\u1ea9m t\u1ed5ng h\u1ee3p (INS 102, INS 133), h\u01b0\u01a1ng li\u1ec7u t\u1ed5ng h\u1ee3p (h\u01b0\u01a1ng matcha, h\u01b0\u01a1ng vanilla).<\/p>\n<blockquote><p><strong>&gt;&gt;&gt; \u0110\u1eb7t mua h\u00e0ng t\u1ea1i: <span style=\"color: #ff0000\"><a style=\"color: #ff0000\" href=\"https:\/\/dungculambanh.com.vn\/so-co-la-compound-thuong-hang-huong-tra-xanh-nut-ao-1kg\/\" target=\"_blank\" rel=\"noopener\">\u0110\u00e2y<\/a><\/span><\/strong><\/p><\/blockquote>\n","protected":false},"excerpt":{"rendered":"<ul>\n<li>Kh\u1ed1i l\u01b0\u1ee3ng t\u1ecbnh: 1 kg<\/li>\n<li>M\u00f9i h\u01b0\u01a1ng: Matcha<\/li>\n<li>C\u00e1ch s\u1eed d\u1ee5ng: D\u00f9ng \u0103n tr\u1ef1c ti\u1ebfp, l\u00e0m nh\u00e2n b\u00e1nh ng\u1ecdt, trang tr\u00ed b\u00e1nh kem,\u2026<\/li>\n<li>B\u1ea3o qu\u1ea3n: N\u01a1i s\u1ea1ch s\u1ebd, tho\u00e1ng m\u00e1t, kh\u00f4ng c\u00f3 m\u00f9i l\u1ea1<\/li>\n<li>S\u1ea3n ph\u1ea9m c\u1ee7a: C\u00f4ng ty TNHH Th\u01b0\u01a1ng M\u1ea1i S\u1ea3n Xu\u1ea5t Fancy Foods<\/li>\n<li>Th\u00e0nh ph\u1ea7n: \u0110\u01b0\u1eddng, ch\u1ea5t b\u00e9o th\u1ef1c v\u1eadt, b\u1ed9t s\u1eefa, ch\u1ea5t nh\u0169 h\u00f3a (lecithin \u0111\u1eadu n\u00e0nh INS 322 (i), INS 476),\u2026<\/li>\n<\/ul>\n","protected":false},"featured_media":5312,"comment_status":"open","ping_status":"closed","template":"","meta":[],"product_brand":[],"product_cat":[101,120,102],"product_tag":[],"class_list":{"0":"post-4304","1":"product","2":"type-product","3":"status-publish","4":"has-post-thumbnail","6":"product_cat-chocolate-button","7":"product_cat-chocolate-button-compound","8":"product_cat-premium-button-chocolate","10":"first","11":"instock","12":"shipping-taxable","13":"product-type-simple"},"_links":{"self":[{"href":"https:\/\/fancyfoods.vn\/en\/wp-json\/wp\/v2\/product\/4304","targetHints":{"allow":["GET"]}}],"collection":[{"href":"https:\/\/fancyfoods.vn\/en\/wp-json\/wp\/v2\/product"}],"about":[{"href":"https:\/\/fancyfoods.vn\/en\/wp-json\/wp\/v2\/types\/product"}],"replies":[{"embeddable":true,"href":"https:\/\/fancyfoods.vn\/en\/wp-json\/wp\/v2\/comments?post=4304"}],"version-history":[{"count":4,"href":"https:\/\/fancyfoods.vn\/en\/wp-json\/wp\/v2\/product\/4304\/revisions"}],"predecessor-version":[{"id":5524,"href":"https:\/\/fancyfoods.vn\/en\/wp-json\/wp\/v2\/product\/4304\/revisions\/5524"}],"wp:featuredmedia":[{"embeddable":true,"href":"https:\/\/fancyfoods.vn\/en\/wp-json\/wp\/v2\/media\/5312"}],"wp:attachment":[{"href":"https:\/\/fancyfoods.vn\/en\/wp-json\/wp\/v2\/media?parent=4304"}],"wp:term":[{"taxonomy":"product_brand","embeddable":true,"href":"https:\/\/fancyfoods.vn\/en\/wp-json\/wp\/v2\/product_brand?post=4304"},{"taxonomy":"product_cat","embeddable":true,"href":"https:\/\/fancyfoods.vn\/en\/wp-json\/wp\/v2\/product_cat?post=4304"},{"taxonomy":"product_tag","embeddable":true,"href":"https:\/\/fancyfoods.vn\/en\/wp-json\/wp\/v2\/product_tag?post=4304"}],"curies":[{"name":"wp","href":"https:\/\/api.w.org\/{rel}","templated":true}]}}