{"id":4374,"date":"2023-11-09T15:18:12","date_gmt":"2023-11-09T08:18:12","guid":{"rendered":"https:\/\/fancyfoods.vn\/product\/dark-compound-chocolate-block\/"},"modified":"2024-10-07T11:33:21","modified_gmt":"2024-10-07T04:33:21","slug":"dark-compound-chocolate-block","status":"publish","type":"product","link":"https:\/\/fancyfoods.vn\/en\/dark-compound-chocolate-block\/","title":{"rendered":"Dark Compound Chocolate Block"},"content":{"rendered":"<p><strong>Ingredients<\/strong>: Sugar, vegetable fat, cocoa powder, emulsifier lecithin (E322), synthetic vanilla flavor. May contain trace amounts of milk and nuts.<\/p>\n<p><strong>Usage Instructions<\/strong>: Suitable for various applications in baking and candy production, such as decorative shaping, coating surfaces, dipping, making ganache, as a filling, or mixing with other ingredients to create flavors.<\/p>\n<p><strong>Storage<\/strong>: Store in a clean, cool, dry place, free from strange odors. Avoid sudden changes in temperature and humidity, and keep away from direct sunlight. Humidity &lt; 60%; temperature between 18 \u2013 22\u00b0C.<\/p>\n<p><strong>Manufacturing\/Expiration Date<\/strong>: See packaging.<br \/>\n<strong>Note<\/strong>: Not suitable for children under 2 years old. Not for individuals allergic to any of the product&#8217;s ingredients. Do not use after the expiration date.<\/p>\n<p><strong>Net weight<\/strong>: 1kg<br \/>\n<strong>Order at<\/strong>: <a href=\"https:\/\/dungculambanh.com.vn\/san-pham\/so-co-la-compound-den-dang-khoi-cacao-talk-1kg\/\" target=\"_new\" rel=\"noopener\">https:\/\/dungculambanh.com.vn\/san-pham\/so-co-la-compound-den-dang-khoi-cacao-talk-1kg\/<\/a><\/p>\n","protected":false},"excerpt":{"rendered":"<p>D\u00f9ng cho c\u00e1c \u1ee9ng d\u1ee5ng trong s\u1ea3n xu\u1ea5t b\u00e1nh, k\u1eb9o nh\u01b0: t\u1ea1o h\u00ecnh trang tr\u00ed, ph\u1ee7 m\u1eb7t. D\u00f9ng \u0111\u1ec3 s\u1ee7i s\u00f4 c\u00f4 la trang tr\u00ed, n\u1ea5u ganache v\u00e0 l\u00e0m nh\u00e2n b\u00e1nh.<\/p>\n","protected":false},"featured_media":4666,"comment_status":"open","ping_status":"closed","template":"","meta":[],"product_brand":[],"product_cat":[106],"product_tag":[],"class_list":{"0":"post-4374","1":"product","2":"type-product","3":"status-publish","4":"has-post-thumbnail","6":"product_cat-chocolate-block","8":"first","9":"instock","10":"shipping-taxable","11":"product-type-simple"},"_links":{"self":[{"href":"https:\/\/fancyfoods.vn\/en\/wp-json\/wp\/v2\/product\/4374","targetHints":{"allow":["GET"]}}],"collection":[{"href":"https:\/\/fancyfoods.vn\/en\/wp-json\/wp\/v2\/product"}],"about":[{"href":"https:\/\/fancyfoods.vn\/en\/wp-json\/wp\/v2\/types\/product"}],"replies":[{"embeddable":true,"href":"https:\/\/fancyfoods.vn\/en\/wp-json\/wp\/v2\/comments?post=4374"}],"version-history":[{"count":2,"href":"https:\/\/fancyfoods.vn\/en\/wp-json\/wp\/v2\/product\/4374\/revisions"}],"predecessor-version":[{"id":4603,"href":"https:\/\/fancyfoods.vn\/en\/wp-json\/wp\/v2\/product\/4374\/revisions\/4603"}],"wp:featuredmedia":[{"embeddable":true,"href":"https:\/\/fancyfoods.vn\/en\/wp-json\/wp\/v2\/media\/4666"}],"wp:attachment":[{"href":"https:\/\/fancyfoods.vn\/en\/wp-json\/wp\/v2\/media?parent=4374"}],"wp:term":[{"taxonomy":"product_brand","embeddable":true,"href":"https:\/\/fancyfoods.vn\/en\/wp-json\/wp\/v2\/product_brand?post=4374"},{"taxonomy":"product_cat","embeddable":true,"href":"https:\/\/fancyfoods.vn\/en\/wp-json\/wp\/v2\/product_cat?post=4374"},{"taxonomy":"product_tag","embeddable":true,"href":"https:\/\/fancyfoods.vn\/en\/wp-json\/wp\/v2\/product_tag?post=4374"}],"curies":[{"name":"wp","href":"https:\/\/api.w.org\/{rel}","templated":true}]}}