{"id":4389,"date":"2023-11-08T16:06:33","date_gmt":"2023-11-08T09:06:33","guid":{"rendered":"https:\/\/fancyfoods.vn\/product\/chocolate-crispy-ball-cacao-talk-copper-color-400g\/"},"modified":"2024-10-07T00:31:52","modified_gmt":"2024-10-06T17:31:52","slug":"chocolate-crispy-ball-cacao-talk-copper-color-400g","status":"publish","type":"product","link":"https:\/\/fancyfoods.vn\/en\/chocolate-crispy-ball-cacao-talk-copper-color-400g\/","title":{"rendered":"Chocolate Crispy Ball Cacao Talk &#8211; Copper Color (400g)"},"content":{"rendered":"<p><strong>Ingredients<\/strong>: Sugar, vegetable fat, cocoa powder, milk powder, rice crisps, emulsifier lecithin (E322), food colors (E102, E110, E124, E133), glazing agents (E414, E904), artificial fruit flavors (banana, orange, strawberry, green tea, blueberry), synthetic vanilla flavor.<\/p>\n<p><strong>Instructions for Use<\/strong>: Consume directly or use for decorating cakes, desserts, etc.<\/p>\n<p><strong>Storage<\/strong>: Store in a cool, dry place at a temperature of 25\u00b0C \u2013 28\u00b0C, humidity &lt;60%.<\/p>\n<p><strong>Manufacture\/Expiry Date<\/strong>: See packaging. The product is not suitable for children under 4 years old.<\/p>\n<p><strong>Warning<\/strong>: Do not use if allergic to any of the product&#8217;s ingredients. Do not use expired products.<\/p>\n<p><strong>Order here<\/strong>: <a href=\"https:\/\/dungculambanh.com.vn\/san-pham\/so-co-la-vien-ngoc-trai-mau-vang-dong-400gr\/\" target=\"_new\" rel=\"noopener\">S\u00f4 c\u00f4 la vi\u00ean Ng\u1ecdc Trai m\u00e0u v\u00e0ng \u0111\u1ed3ng 400gr<\/a><\/p>\n","protected":false},"excerpt":{"rendered":"<p>The product has a mild sweetness and a crispy texture. It is suitable for use in pastries, desserts, and cake decorations.<\/p>\n","protected":false},"featured_media":4900,"comment_status":"open","ping_status":"closed","template":"","meta":[],"product_brand":[],"product_cat":[118],"product_tag":[],"class_list":{"0":"post-4389","1":"product","2":"type-product","3":"status-publish","4":"has-post-thumbnail","6":"product_cat-chocolate-crispy-ball","8":"first","9":"instock","10":"shipping-taxable","11":"product-type-simple"},"_links":{"self":[{"href":"https:\/\/fancyfoods.vn\/en\/wp-json\/wp\/v2\/product\/4389","targetHints":{"allow":["GET"]}}],"collection":[{"href":"https:\/\/fancyfoods.vn\/en\/wp-json\/wp\/v2\/product"}],"about":[{"href":"https:\/\/fancyfoods.vn\/en\/wp-json\/wp\/v2\/types\/product"}],"replies":[{"embeddable":true,"href":"https:\/\/fancyfoods.vn\/en\/wp-json\/wp\/v2\/comments?post=4389"}],"version-history":[{"count":2,"href":"https:\/\/fancyfoods.vn\/en\/wp-json\/wp\/v2\/product\/4389\/revisions"}],"predecessor-version":[{"id":4443,"href":"https:\/\/fancyfoods.vn\/en\/wp-json\/wp\/v2\/product\/4389\/revisions\/4443"}],"wp:featuredmedia":[{"embeddable":true,"href":"https:\/\/fancyfoods.vn\/en\/wp-json\/wp\/v2\/media\/4900"}],"wp:attachment":[{"href":"https:\/\/fancyfoods.vn\/en\/wp-json\/wp\/v2\/media?parent=4389"}],"wp:term":[{"taxonomy":"product_brand","embeddable":true,"href":"https:\/\/fancyfoods.vn\/en\/wp-json\/wp\/v2\/product_brand?post=4389"},{"taxonomy":"product_cat","embeddable":true,"href":"https:\/\/fancyfoods.vn\/en\/wp-json\/wp\/v2\/product_cat?post=4389"},{"taxonomy":"product_tag","embeddable":true,"href":"https:\/\/fancyfoods.vn\/en\/wp-json\/wp\/v2\/product_tag?post=4389"}],"curies":[{"name":"wp","href":"https:\/\/api.w.org\/{rel}","templated":true}]}}