{"id":4627,"date":"2024-09-27T18:50:42","date_gmt":"2024-09-27T11:50:42","guid":{"rendered":"https:\/\/fancyfoods.vn\/dark-choco-shaving-cacao-talk-1kg\/"},"modified":"2024-10-07T11:57:56","modified_gmt":"2024-10-07T04:57:56","slug":"dark-choco-shaving-cacao-talk-1kg","status":"publish","type":"product","link":"https:\/\/fancyfoods.vn\/en\/dark-choco-shaving-cacao-talk-1kg\/","title":{"rendered":"Dark Choco Shaving Cacao Talk (1kg)"},"content":{"rendered":"<p>Choco Shaving \u0110en Cacao Talk \u2013 M\u1ed9t s\u1ea3n ph\u1ea9m c\u1ee7a C\u00f4ng ty TNHH Th\u01b0\u01a1ng M\u1ea1i S\u1ea3n Xu\u1ea5t Fancy Foods, chuy\u00ean s\u1ea3n xu\u1ea5t c\u00e1c d\u00f2ng s\u1ea3n ph\u1ea9m t\u1eeb s\u00f4 c\u00f4 la n\u1ed5i ti\u1ebfng t\u1ea1i Vi\u1ec7t Nam. \u0110i\u1ec3m n\u1ed5i b\u1eadt c\u1ee7a c\u00e1c s\u1ea3n ph\u1ea9m ch\u00ednh l\u00e0, mang \u0111\u1ebfn m\u1ed9t tr\u1ea3i nghi\u1ec7m v\u1ec1 h\u01b0\u01a1ng v\u1ecb s\u00f4 c\u00f4 la h\u1ea3o h\u1ea1ng th\u00f4ng qua quy tr\u00ecnh s\u1ea3n xu\u1ea5t, ki\u1ec3m so\u00e1t nghi\u00eam ng\u1eb7t, t\u1eeb kh\u00e2u nguy\u00ean li\u1ec7u \u0111\u1ea7u v\u00e0o \u0111\u1ebfn th\u00e0nh ph\u1ea9m \u0111\u1ea7u ra. V\u1edbi c\u00e1c s\u1ea3n ph\u1ea9m \u0111\u1eb7c bi\u1ec7t nh\u01b0: S\u00f4 C\u00f4 La B\u1ecdc H\u1ea1t, S\u00f4 C\u00f4 La N\u00fat Nguy\u00ean Ch\u1ea5t, S\u00f4 C\u00f4 La Compound,\u2026 Th\u00edch h\u1ee3p d\u00f9ng cho l\u00e0m b\u00e1nh, pha ch\u1ebf th\u1ee9c u\u1ed1ng v\u00e0 trang tr\u00ed. S\u1ea3n ph\u1ea9m Choco Shaving \u0110en Cacao Talk l\u00e0 d\u00f2ng s\u00f4 c\u00f4 la d\u00e0nh ri\u00eang cho vi\u1ec7c c\u1ea1o s\u1ee7i, v\u1edbi h\u00ecnh d\u1ea1ng kh\u1ed1i 1kg v\u00e0 c\u00f3 \u0111\u1ed9 d\u1ebbo c\u00f9ng kh\u1ea3 n\u0103ng ch\u1ecbu nhi\u1ec7t t\u1ed1t. N\u00ean r\u1ea5t th\u00edch h\u1ee3p cho vi\u1ec7c d\u00f9ng s\u00f4 c\u00f4 la shaving \u0111\u1ec3 t\u1ea1o h\u00ecnh, c\u1ea1o s\u1ee7i ho\u1eb7c trang tr\u00ed l\u00ean b\u00e1nh. C\u00e1ch s\u1eed d\u1ee5ng Choco Shaving \u0110en Cacao Talk S\u1eed d\u1ee5ng cho trang tr\u00ed b\u00e1nh, c\u1ea1o s\u1ee7i, ph\u1ee7 m\u1eb7t b\u00e1nh, l\u00e0m ganache,\u2026 B\u1ea3o qu\u1ea3n: N\u01a1i s\u1ea1ch s\u1ebd, kh\u00f4 m\u00e1t, kh\u00f4ng c\u00f3 m\u00f9i l\u1ea1. Tr\u00e1nh thay \u0111\u1ed5i nhi\u1ec7t \u0111\u1ed9, \u1ea9m \u0111\u1ed9 \u0111\u1ed9t ng\u1ed9t v\u00e0 \u00e1nh n\u1eafng tr\u1ef1c ti\u1ebfp. \u0110\u1ed9 \u1ea9m d\u01b0\u1edbi 60%, nhi\u1ec7t \u0111\u1ed9 t\u1eeb 18 \u2013 22\u00b0C. <strong>Th\u00e0nh ph\u1ea7n Choco Shaving \u0110en Cacao Talk<\/strong> \u0110\u01b0\u1eddng, ch\u1ea5t b\u00e9o th\u1ef1c v\u1eadt, b\u1ed9t s\u1eefa, ch\u1ea5t nh\u0169 h\u00f3a lecithin (E322), h\u01b0\u01a1ng vani t\u1ed5ng h\u1ee3p. C\u00f3 th\u1ec3 ch\u1ee9a m\u1ed9t l\u01b0\u1ee3ng nh\u1ecf th\u00e0nh ph\u1ea7n c\u00e1c lo\u1ea1i h\u1ea1t.         <\/p>\n<div class=\"product-short-description\">\n<ul>\n<li>Kh\u1ed1i l\u01b0\u1ee3ng t\u1ecbnh: 1kg<\/li>\n<li>C\u00e1ch s\u1eed d\u1ee5ng: D\u00f9ng \u0111\u1ec3 c\u1ea1o s\u1ee7i, trang tr\u00ed b\u00e1nh, \u0111\u1ed5 ganache,\u2026<\/li>\n<li>B\u1ea3o qu\u1ea3n: N\u01a1i kh\u00f4 tho\u00e1ng, tr\u00e1nh thay \u0111\u1ed5i nhi\u1ec7t \u0111\u1ed9 v\u00e0 \u0111\u1ed9 \u1ea9m \u0111\u1ed9t ng\u1ed9t<\/li>\n<li>S\u1ea3n ph\u1ea9m c\u1ee7a: C\u00f4ng ty TNHH Th\u01b0\u01a1ng M\u1ea1i S\u1ea3n Xu\u1ea5t Fancy Foods<\/li>\n<li>Th\u00e0nh ph\u1ea7n: \u0110\u01b0\u1eddng, ch\u1ea5t b\u00e9o th\u1ef1c v\u1eadt, b\u1ed9t s\u1eefa,\u2026<\/li>\n<\/ul>\n<\/div>\n","protected":false},"excerpt":{"rendered":"<p>Choco Shaving \u0110en Cacao Talk \u2013 M\u1ed9t s\u1ea3n ph\u1ea9m c\u1ee7a C\u00f4ng ty TNHH Th\u01b0\u01a1ng M\u1ea1i S\u1ea3n Xu\u1ea5t Fancy Foods, chuy\u00ean s\u1ea3n xu\u1ea5t c\u00e1c d\u00f2ng s\u1ea3n ph\u1ea9m t\u1eeb s\u00f4 c\u00f4 la n\u1ed5i ti\u1ebfng t\u1ea1i Vi\u1ec7t Nam. \u0110i\u1ec3m n\u1ed5i b\u1eadt c\u1ee7a c\u00e1c s\u1ea3n ph\u1ea9m ch\u00ednh l\u00e0, mang \u0111\u1ebfn m\u1ed9t tr\u1ea3i nghi\u1ec7m v\u1ec1 h\u01b0\u01a1ng v\u1ecb s\u00f4 c\u00f4 la [&hellip;]<\/p>\n","protected":false},"featured_media":4183,"comment_status":"open","ping_status":"closed","template":"","meta":[],"product_brand":[],"product_cat":[104,106],"product_tag":[],"class_list":{"0":"post-4627","1":"product","2":"type-product","3":"status-publish","4":"has-post-thumbnail","6":"product_cat-choco-shaving-en","7":"product_cat-chocolate-block","9":"first","10":"instock","11":"shipping-taxable","12":"product-type-simple"},"_links":{"self":[{"href":"https:\/\/fancyfoods.vn\/en\/wp-json\/wp\/v2\/product\/4627","targetHints":{"allow":["GET"]}}],"collection":[{"href":"https:\/\/fancyfoods.vn\/en\/wp-json\/wp\/v2\/product"}],"about":[{"href":"https:\/\/fancyfoods.vn\/en\/wp-json\/wp\/v2\/types\/product"}],"replies":[{"embeddable":true,"href":"https:\/\/fancyfoods.vn\/en\/wp-json\/wp\/v2\/comments?post=4627"}],"version-history":[{"count":1,"href":"https:\/\/fancyfoods.vn\/en\/wp-json\/wp\/v2\/product\/4627\/revisions"}],"predecessor-version":[{"id":4634,"href":"https:\/\/fancyfoods.vn\/en\/wp-json\/wp\/v2\/product\/4627\/revisions\/4634"}],"wp:featuredmedia":[{"embeddable":true,"href":"https:\/\/fancyfoods.vn\/en\/wp-json\/wp\/v2\/media\/4183"}],"wp:attachment":[{"href":"https:\/\/fancyfoods.vn\/en\/wp-json\/wp\/v2\/media?parent=4627"}],"wp:term":[{"taxonomy":"product_brand","embeddable":true,"href":"https:\/\/fancyfoods.vn\/en\/wp-json\/wp\/v2\/product_brand?post=4627"},{"taxonomy":"product_cat","embeddable":true,"href":"https:\/\/fancyfoods.vn\/en\/wp-json\/wp\/v2\/product_cat?post=4627"},{"taxonomy":"product_tag","embeddable":true,"href":"https:\/\/fancyfoods.vn\/en\/wp-json\/wp\/v2\/product_tag?post=4627"}],"curies":[{"name":"wp","href":"https:\/\/api.w.org\/{rel}","templated":true}]}}